{"id":477,"date":"2023-08-17T17:21:58","date_gmt":"2023-08-17T15:21:58","guid":{"rendered":"https:\/\/benedictines-autun.fr\/?page_id=477"},"modified":"2023-08-24T11:03:47","modified_gmt":"2023-08-24T09:03:47","slug":"saint-benoit","status":"publish","type":"page","link":"https:\/\/benedictines-autun.fr\/index.php\/saint-benoit\/","title":{"rendered":"Saint Beno\u00eet"},"content":{"rendered":"\n<div class=\"wp-block-media-text is-stacked-on-mobile is-style-tw-hard-shadow\" style=\"grid-template-columns:32% auto\"><figure class=\"wp-block-media-text__media\"><img loading=\"lazy\" decoding=\"async\" width=\"400\" height=\"492\" src=\"https:\/\/benedictines-autun.fr\/wp-content\/uploads\/2023\/08\/devenir-moniale-benoit-et-disciple-.jpg\" alt=\"\" class=\"wp-image-164 size-full\" srcset=\"https:\/\/benedictines-autun.fr\/wp-content\/uploads\/2023\/08\/devenir-moniale-benoit-et-disciple-.jpg 400w, https:\/\/benedictines-autun.fr\/wp-content\/uploads\/2023\/08\/devenir-moniale-benoit-et-disciple--244x300.jpg 244w\" sizes=\"auto, (max-width: 400px) 100vw, 400px\" \/><\/figure><div class=\"wp-block-media-text__content\">\n<p><em>\u00ab&nbsp;Le message de Benoit est une invitation \u00e0 l\u2019int\u00e9riorit\u00e9. \u00c9coutons la voix de Benoit&nbsp;: de la solitude int\u00e9rieure, du silence contemplatif, de la victoire sur l\u2019agitation du monde ext\u00e9rieur, de cette \u00ab&nbsp;habitation avec soi-m\u00eame&nbsp;\u00bb nait le dialogue avec soi et avec Dieu.&nbsp;\u00bb <\/em> Jean-Paul II<\/p>\n<\/div><\/div>\n\n\n\n<div style=\"height:35px\" aria-hidden=\"true\" class=\"wp-block-spacer\"><\/div>\n\n\n\n<h3 class=\"wp-block-heading\">Qui est Saint Beno\u00eet ?<\/h3>\n\n\n\n<p>Beno\u00eet na\u00eet vers 480 dans une famille ais\u00e9e de Nursie en Italie. \u00c9tudiant \u00e0 Rome, il abandonne tr\u00e8s vite ses \u00e9tudes, \u00e0 l\u2019\u00e2ge de 20 ans et se retire dans la solitude. <em>\u00ab&nbsp;Voulant&nbsp;plaire \u00e0 Dieu seul, il habita avec lui-m\u00eame sous le regard de Dieu.&nbsp;\u00bb<\/em> (Saint Gr\u00e9goire le Grand, 540-604, Pape). L\u2019exp\u00e9rience de la solitude lui ouvre le c\u0153ur \u00e0 la connaissance de lui-m\u00eame et fait place nette pour Dieu. Apr\u00e8s trois ann\u00e9es de vie \u00e9r\u00e9mitique, il est rejoint par des disciples attir\u00e9s par le rayonnement de sa richesse int\u00e9rieure. Vers 530, il fonde le&nbsp;Monast\u00e8re du Mont-Cassin. L\u00e0 il \u00e9crit sa r\u00e8gle&nbsp;en s\u2019inspirant&nbsp;d\u2019un document existant, la \u00ab&nbsp;R\u00e8gle du Ma\u00eetre&nbsp;\u00bb. Le tout premier terme, la premi\u00e8re invitation de Beno\u00eet en est :<em>\u00ab&nbsp;ECOUTE&nbsp;\u00bb\u2026<\/em><\/p>\n\n\n\n<p class=\"has-text-align-left\">\u00ab&nbsp;\u00c9coute<em>, mon fils, et pr\u00eate l\u2019oreille de ton c\u0153ur ; accepte les conseils d\u2019un vrai p\u00e8re et suis-les effectivement&nbsp;\u00bb <\/em>(R\u00e8gle de saint Beno\u00eet \u2013 Prologue). La spiritualit\u00e9 b\u00e9n\u00e9dictine s\u2019appuie sur cette r\u00e8gle de vie qui a form\u00e9 des g\u00e9n\u00e9rations de moines et de moniales depuis le VI<sup>\u00e8me<\/sup> si\u00e8cle et jusqu\u2019\u00e0 nos jours.<\/p>\n\n\n\n<h3 class=\"wp-block-heading\">Pour aller plus loin&#8230;<\/h3>\n\n\n\n<p><strong>La R\u00e8gle de saint Beno\u00eet<\/strong>&nbsp;: \u00c9coute<em>, mon fils\u2026<\/em>. <a href=\"http:\/\/www.encalcat.com\/images\/imagesFCK\/file\/regle\/regles_de_saint_benoit.pdf\">[<\/a><a href=\"https:\/\/www.abbayedesolesmes.fr\/sites\/default\/files\/upload\/pdf\/regle_d._regnault.pdf\" data-type=\"link\" data-id=\"https:\/\/www.abbayedesolesmes.fr\/sites\/default\/files\/upload\/pdf\/regle_d._regnault.pdf\">lire la suite]<\/a><\/p>\n\n\n\n<p><strong>Audience de Beno\u00eet XVI sur Saint Beno\u00eet de Nursie du 9 avril 2008&nbsp;:<\/strong><em> Je voudrais parler aujourd&rsquo;hui de saint Beno\u00eet, fondateur du monachisme occidental, et aussi Patron de mon pontificat\u2026 <\/em><a href=\"http:\/\/www.vatican.va\/holy_father\/benedict_xvi\/audiences\/2008\/documents\/hf_ben-xvi_aud_20080409_fr.html\">[lire la suite]<\/a><\/p>\n\n\n\n<p><strong>Dialogues de Saint Gr\u00e9goire le Grand<\/strong>&nbsp;: De la vie et des miracles du saint Abb\u00e9 Beno\u00eet&nbsp;: 1. Il y eut un homme de sainte vie, Beno\u00eet, b\u00e9ni par la gr\u00e2ce et par le nom\u2026 [<a href=\"https:\/\/www.bibliotheque-monastique.ch\/bibliotheque\/bibliotheque\/saints\/benoit\/dialogues\/index.htm\">lire la suite<\/a>]<\/p>\n","protected":false},"excerpt":{"rendered":"<p>\u00ab&nbsp;Le message de Benoit est une invitation \u00e0 l\u2019int\u00e9riorit\u00e9. \u00c9coutons la voix de Benoit&nbsp;: de la solitude int\u00e9rieure, du silence contemplatif, de la victoire sur l\u2019agitation du monde ext\u00e9rieur, de cette \u00ab&nbsp;habitation avec soi-m\u00eame&nbsp;\u00bb nait le dialogue avec soi et avec Dieu.&nbsp;\u00bb Jean-Paul II Qui est Saint Beno\u00eet ? Beno\u00eet na\u00eet vers 480 dans une [&hellip;]<\/p>\n","protected":false},"author":1,"featured_media":0,"parent":0,"menu_order":0,"comment_status":"closed","ping_status":"closed","template":"","meta":{"site-sidebar-layout":"default","site-content-layout":"","ast-site-content-layout":"default","site-content-style":"default","site-sidebar-style":"default","ast-global-header-display":"","ast-banner-title-visibility":"","ast-main-header-display":"","ast-hfb-above-header-display":"","ast-hfb-below-header-display":"","ast-hfb-mobile-header-display":"","site-post-title":"","ast-breadcrumbs-content":"","ast-featured-img":"","footer-sml-layout":"","ast-disable-related-posts":"","theme-transparent-header-meta":"default","adv-header-id-meta":"","stick-header-meta":"","header-above-stick-meta":"","header-main-stick-meta":"","header-below-stick-meta":"","astra-migrate-meta-layouts":"set","ast-page-background-enabled":"default","ast-page-background-meta":{"desktop":{"background-color":"var(--ast-global-color-4)","background-image":"","background-repeat":"repeat","background-position":"center center","background-size":"auto","background-attachment":"scroll","background-type":"","background-media":"","overlay-type":"","overlay-color":"","overlay-opacity":"","overlay-gradient":""},"tablet":{"background-color":"","background-image":"","background-repeat":"repeat","background-position":"center center","background-size":"auto","background-attachment":"scroll","background-type":"","background-media":"","overlay-type":"","overlay-color":"","overlay-opacity":"","overlay-gradient":""},"mobile":{"background-color":"","background-image":"","background-repeat":"repeat","background-position":"center center","background-size":"auto","background-attachment":"scroll","background-type":"","background-media":"","overlay-type":"","overlay-color":"","overlay-opacity":"","overlay-gradient":""}},"ast-content-background-meta":{"desktop":{"background-color":"var(--ast-global-color-5)","background-image":"","background-repeat":"repeat","background-position":"center center","background-size":"auto","background-attachment":"scroll","background-type":"","background-media":"","overlay-type":"","overlay-color":"","overlay-opacity":"","overlay-gradient":""},"tablet":{"background-color":"var(--ast-global-color-5)","background-image":"","background-repeat":"repeat","background-position":"center center","background-size":"auto","background-attachment":"scroll","background-type":"","background-media":"","overlay-type":"","overlay-color":"","overlay-opacity":"","overlay-gradient":""},"mobile":{"background-color":"var(--ast-global-color-5)","background-image":"","background-repeat":"repeat","background-position":"center center","background-size":"auto","background-attachment":"scroll","background-type":"","background-media":"","overlay-type":"","overlay-color":"","overlay-opacity":"","overlay-gradient":""}},"footnotes":""},"class_list":["post-477","page","type-page","status-publish","hentry"],"_links":{"self":[{"href":"https:\/\/benedictines-autun.fr\/index.php\/wp-json\/wp\/v2\/pages\/477","targetHints":{"allow":["GET"]}}],"collection":[{"href":"https:\/\/benedictines-autun.fr\/index.php\/wp-json\/wp\/v2\/pages"}],"about":[{"href":"https:\/\/benedictines-autun.fr\/index.php\/wp-json\/wp\/v2\/types\/page"}],"author":[{"embeddable":true,"href":"https:\/\/benedictines-autun.fr\/index.php\/wp-json\/wp\/v2\/users\/1"}],"replies":[{"embeddable":true,"href":"https:\/\/benedictines-autun.fr\/index.php\/wp-json\/wp\/v2\/comments?post=477"}],"version-history":[{"count":17,"href":"https:\/\/benedictines-autun.fr\/index.php\/wp-json\/wp\/v2\/pages\/477\/revisions"}],"predecessor-version":[{"id":956,"href":"https:\/\/benedictines-autun.fr\/index.php\/wp-json\/wp\/v2\/pages\/477\/revisions\/956"}],"wp:attachment":[{"href":"https:\/\/benedictines-autun.fr\/index.php\/wp-json\/wp\/v2\/media?parent=477"}],"curies":[{"name":"wp","href":"https:\/\/api.w.org\/{rel}","templated":true}]}}