{"id":381,"date":"2023-08-16T11:49:37","date_gmt":"2023-08-16T09:49:37","guid":{"rendered":"https:\/\/benedictines-autun.fr\/?page_id=381"},"modified":"2026-03-03T09:15:52","modified_gmt":"2026-03-03T08:15:52","slug":"horaires-des-offices","status":"publish","type":"page","link":"https:\/\/benedictines-autun.fr\/index.php\/horaires-des-offices\/","title":{"rendered":"Horaire"},"content":{"rendered":"\n<div class=\"wp-block-media-text is-stacked-on-mobile is-style-tw-hard-shadow has-background\" style=\"border-style:none;border-width:0px;background-color:#e0e5eb;margin-top:0;margin-right:0;margin-bottom:0;margin-left:0;padding-right:var(--wp--preset--spacing--50);padding-left:var(--wp--preset--spacing--50);grid-template-columns:38% auto\"><figure class=\"wp-block-media-text__media\"><img loading=\"lazy\" decoding=\"async\" width=\"297\" height=\"400\" src=\"https:\/\/benedictines-autun.fr\/wp-content\/uploads\/2026\/02\/Descente-aux-enfers.jpg\" alt=\"\" class=\"wp-image-1350 size-full\" srcset=\"https:\/\/benedictines-autun.fr\/wp-content\/uploads\/2026\/02\/Descente-aux-enfers.jpg 297w, https:\/\/benedictines-autun.fr\/wp-content\/uploads\/2026\/02\/Descente-aux-enfers-223x300.jpg 223w\" sizes=\"auto, (max-width: 297px) 100vw, 297px\" \/><\/figure><div class=\"wp-block-media-text__content\">\n<p class=\"has-text-align-center has-text-color has-background has-link-color wp-elements-e0eebdac5ed47414f88eee0ec72255f4\" style=\"color:#0c4368;background:linear-gradient(135deg,rgb(238,238,238) 0%,rgb(222,198,198) 56%,rgb(169,184,195) 100%)\"><strong>Triduum Pascal<\/strong><br><br>Jeudi Saint : <br>Sainte C\u00e8ne \u00e0 17 h<br><br>Vendredi Saint : <br>Office de la Passion \u00e0 15 h<br><br>Vigile Pascale \u00e0 21 h<br><br>Dimanche de P\u00e2ques : <br>Eucharistie \u00e0 10h<\/p>\n<\/div><\/div>\n\n\n\n<hr class=\"wp-block-separator has-alpha-channel-opacity\"\/>\n\n\n\n<div class=\"wp-block-media-text has-media-on-the-right is-vertically-aligned-center is-style-tw-hard-shadow has-very-light-gray-to-cyan-bluish-gray-gradient-background has-background\" style=\"padding-top:var(--wp--preset--spacing--20);padding-right:var(--wp--preset--spacing--40);padding-bottom:var(--wp--preset--spacing--20);padding-left:var(--wp--preset--spacing--40);grid-template-columns:auto 34%\"><div class=\"wp-block-media-text__content\">\n<div class=\"wp-block-group alignfull is-layout-flow wp-block-group-is-layout-flow\">\n<figure class=\"wp-block-table aligncenter tw-mt-8 tw-row-valign-top is-style-tw-border-h-inner\" style=\"font-size:23px\"><table><tbody><tr><td><\/td><td class=\"has-text-align-left\" data-align=\"left\"><em>L&rsquo;office des Vigiles est ferm\u00e9 au public<\/em><\/td><\/tr><tr><td>06:30<\/td><td class=\"has-text-align-left\" data-align=\"left\">Laudes<\/td><\/tr><tr><td>        08:00<\/td><td class=\"has-text-align-left\" data-align=\"left\">EUCHARISTIE &#8211; Tierce<\/td><\/tr><tr><td>12:15<\/td><td class=\"has-text-align-left\" data-align=\"left\">Sexte <\/td><\/tr><tr><td>15:00<\/td><td class=\"has-text-align-left\" data-align=\"left\">None <\/td><\/tr><tr><td>        17:30<\/td><td class=\"has-text-align-left\" data-align=\"left\">V\u00eapres<\/td><\/tr><tr><td>vers 20:20<\/td><td class=\"has-text-align-left\" data-align=\"left\">Complies <\/td><\/tr><\/tbody><\/table><figcaption class=\"wp-element-caption\"><em>la Messe du dimanche est \u00e9galement \u00e0 8 h<\/em><\/figcaption><\/figure>\n<\/div>\n<\/div><figure class=\"wp-block-media-text__media\"><img loading=\"lazy\" decoding=\"async\" width=\"303\" height=\"355\" src=\"https:\/\/benedictines-autun.fr\/wp-content\/uploads\/2023\/08\/Arbre-de-Jesse.jpg\" alt=\"\" class=\"wp-image-903 size-full\" srcset=\"https:\/\/benedictines-autun.fr\/wp-content\/uploads\/2023\/08\/Arbre-de-Jesse.jpg 303w, https:\/\/benedictines-autun.fr\/wp-content\/uploads\/2023\/08\/Arbre-de-Jesse-256x300.jpg 256w\" sizes=\"auto, (max-width: 303px) 100vw, 303px\" \/><\/figure><\/div>\n\n\n\n<div style=\"height:31px\" aria-hidden=\"true\" class=\"wp-block-spacer\"><\/div>\n\n\n\n<p class=\"has-text-align-center\">C<em>es horaires peuvent varier en fonction des circonstances<\/em>    <a href=\"https:\/\/benedictines-autun.fr\/index.php\/horaire-de-noel\/\">En savoir plus<\/a><\/p>\n\n\n\n<div style=\"height:33px\" aria-hidden=\"true\" class=\"wp-block-spacer\"><\/div>\n\n\n\n<div class=\"wp-block-media-text has-media-on-the-right is-style-tw-hard-shadow has-background\" style=\"background:radial-gradient(rgb(238,238,238) 0%,rgb(169,184,195) 100%);grid-template-columns:auto 39%\"><div class=\"wp-block-media-text__content\">\n<p class=\"has-text-align-center\">Exposition du Saint-Sacrement : <br>en principe, <br>dimanche et 1<sup>er<\/sup> jeudi du mois<br>de 16 h 45 \u00e0 18 h 45<\/p>\n<\/div><figure class=\"wp-block-media-text__media\"><img loading=\"lazy\" decoding=\"async\" width=\"397\" height=\"307\" src=\"https:\/\/benedictines-autun.fr\/wp-content\/uploads\/2023\/08\/arc-en-ciel.jpg\" alt=\"\" class=\"wp-image-906 size-full\" srcset=\"https:\/\/benedictines-autun.fr\/wp-content\/uploads\/2023\/08\/arc-en-ciel.jpg 397w, https:\/\/benedictines-autun.fr\/wp-content\/uploads\/2023\/08\/arc-en-ciel-300x232.jpg 300w\" sizes=\"auto, (max-width: 397px) 100vw, 397px\" \/><\/figure><\/div>\n","protected":false},"excerpt":{"rendered":"<p>Triduum Pascal Jeudi Saint : Sainte C\u00e8ne \u00e0 17 h Vendredi Saint : Office de la Passion \u00e0 15 h Vigile Pascale \u00e0 21 h Dimanche de P\u00e2ques : Eucharistie \u00e0 10h Ces horaires peuvent varier en fonction des circonstances En savoir plus Exposition du Saint-Sacrement : en principe, dimanche et 1er jeudi du moisde [&hellip;]<\/p>\n","protected":false},"author":1,"featured_media":0,"parent":0,"menu_order":0,"comment_status":"closed","ping_status":"closed","template":"","meta":{"site-sidebar-layout":"default","site-content-layout":"","ast-site-content-layout":"default","site-content-style":"default","site-sidebar-style":"default","ast-global-header-display":"","ast-banner-title-visibility":"","ast-main-header-display":"","ast-hfb-above-header-display":"","ast-hfb-below-header-display":"","ast-hfb-mobile-header-display":"","site-post-title":"","ast-breadcrumbs-content":"","ast-featured-img":"","footer-sml-layout":"","ast-disable-related-posts":"","theme-transparent-header-meta":"default","adv-header-id-meta":"","stick-header-meta":"","header-above-stick-meta":"","header-main-stick-meta":"","header-below-stick-meta":"","astra-migrate-meta-layouts":"set","ast-page-background-enabled":"default","ast-page-background-meta":{"desktop":{"background-color":"var(--ast-global-color-4)","background-image":"","background-repeat":"repeat","background-position":"center center","background-size":"auto","background-attachment":"scroll","background-type":"","background-media":"","overlay-type":"","overlay-color":"","overlay-opacity":"","overlay-gradient":""},"tablet":{"background-color":"","background-image":"","background-repeat":"repeat","background-position":"center center","background-size":"auto","background-attachment":"scroll","background-type":"","background-media":"","overlay-type":"","overlay-color":"","overlay-opacity":"","overlay-gradient":""},"mobile":{"background-color":"","background-image":"","background-repeat":"repeat","background-position":"center center","background-size":"auto","background-attachment":"scroll","background-type":"","background-media":"","overlay-type":"","overlay-color":"","overlay-opacity":"","overlay-gradient":""}},"ast-content-background-meta":{"desktop":{"background-color":"var(--ast-global-color-5)","background-image":"","background-repeat":"repeat","background-position":"center center","background-size":"auto","background-attachment":"scroll","background-type":"","background-media":"","overlay-type":"","overlay-color":"","overlay-opacity":"","overlay-gradient":""},"tablet":{"background-color":"var(--ast-global-color-5)","background-image":"","background-repeat":"repeat","background-position":"center center","background-size":"auto","background-attachment":"scroll","background-type":"","background-media":"","overlay-type":"","overlay-color":"","overlay-opacity":"","overlay-gradient":""},"mobile":{"background-color":"var(--ast-global-color-5)","background-image":"","background-repeat":"repeat","background-position":"center center","background-size":"auto","background-attachment":"scroll","background-type":"","background-media":"","overlay-type":"","overlay-color":"","overlay-opacity":"","overlay-gradient":""}},"footnotes":""},"class_list":["post-381","page","type-page","status-publish","hentry"],"_links":{"self":[{"href":"https:\/\/benedictines-autun.fr\/index.php\/wp-json\/wp\/v2\/pages\/381","targetHints":{"allow":["GET"]}}],"collection":[{"href":"https:\/\/benedictines-autun.fr\/index.php\/wp-json\/wp\/v2\/pages"}],"about":[{"href":"https:\/\/benedictines-autun.fr\/index.php\/wp-json\/wp\/v2\/types\/page"}],"author":[{"embeddable":true,"href":"https:\/\/benedictines-autun.fr\/index.php\/wp-json\/wp\/v2\/users\/1"}],"replies":[{"embeddable":true,"href":"https:\/\/benedictines-autun.fr\/index.php\/wp-json\/wp\/v2\/comments?post=381"}],"version-history":[{"count":127,"href":"https:\/\/benedictines-autun.fr\/index.php\/wp-json\/wp\/v2\/pages\/381\/revisions"}],"predecessor-version":[{"id":1357,"href":"https:\/\/benedictines-autun.fr\/index.php\/wp-json\/wp\/v2\/pages\/381\/revisions\/1357"}],"wp:attachment":[{"href":"https:\/\/benedictines-autun.fr\/index.php\/wp-json\/wp\/v2\/media?parent=381"}],"curies":[{"name":"wp","href":"https:\/\/api.w.org\/{rel}","templated":true}]}}