{"id":283,"date":"2023-08-15T16:22:50","date_gmt":"2023-08-15T14:22:50","guid":{"rendered":"https:\/\/benedictines-autun.fr\/?page_id=283"},"modified":"2023-08-24T10:31:40","modified_gmt":"2023-08-24T08:31:40","slug":"historique","status":"publish","type":"page","link":"https:\/\/benedictines-autun.fr\/index.php\/historique\/","title":{"rendered":"Historique"},"content":{"rendered":"\n<div class=\"wp-block-media-text is-stacked-on-mobile\" style=\"grid-template-columns:24% auto\"><figure class=\"wp-block-media-text__media\"><img loading=\"lazy\" decoding=\"async\" width=\"272\" height=\"374\" src=\"https:\/\/benedictines-autun.fr\/wp-content\/uploads\/2023\/08\/bienvenue-fondation.jpg\" alt=\"\" class=\"wp-image-43 size-full\" srcset=\"https:\/\/benedictines-autun.fr\/wp-content\/uploads\/2023\/08\/bienvenue-fondation.jpg 272w, https:\/\/benedictines-autun.fr\/wp-content\/uploads\/2023\/08\/bienvenue-fondation-218x300.jpg 218w\" sizes=\"auto, (max-width: 272px) 100vw, 272px\" \/><\/figure><div class=\"wp-block-media-text__content\">\n<p>La communaut\u00e9 a \u00e9t\u00e9 fond\u00e9e \u00e0 Az\u00e9 (Sa\u00f4ne et Loire) en 1974,&nbsp;par M\u00e8re Winfrida, moniale de Notre Dame de Wisques (P.-de-C.) et ancienne prieure du monast\u00e8re du Mont des Oliviers \u00e0 J\u00e9rusalem.<br>La maison d\u2019Az\u00e9 \u00e9tant devenue trop petite, en raison de plusieurs entr\u00e9es, le noviciat fut install\u00e9 \u00e0 Brancion en 1976 puis \u00e0 Savigny sur Grosne en 1985 pour les m\u00eames raisons.<\/p>\n<\/div><\/div>\n\n\n\n<div style=\"height:16px\" aria-hidden=\"true\" class=\"wp-block-spacer\"><\/div>\n\n\n\n<div class=\"wp-block-media-text has-media-on-the-right is-stacked-on-mobile\" style=\"grid-template-columns:auto 48%\"><div class=\"wp-block-media-text__content\">\n<p>&nbsp;A l\u2019appel de notre \u00c9v\u00eaque qui d\u00e9sirait maintenir la vie monastique dans la ville \u00e9piscopale, nous sommes arriv\u00e9es \u00e0 quinze le 1er octobre 2000 \u00e0 Autun dans un Carmel, les carm\u00e9lites devant rejoindre le Carmel de Nogent sur Marne.<br><\/p>\n<\/div><figure class=\"wp-block-media-text__media\"><img loading=\"lazy\" decoding=\"async\" width=\"719\" height=\"462\" src=\"https:\/\/benedictines-autun.fr\/wp-content\/uploads\/2023\/08\/Autun-2023.jpg\" alt=\"vue d'Autun\" class=\"wp-image-515 size-full\" srcset=\"https:\/\/benedictines-autun.fr\/wp-content\/uploads\/2023\/08\/Autun-2023.jpg 719w, https:\/\/benedictines-autun.fr\/wp-content\/uploads\/2023\/08\/Autun-2023-300x193.jpg 300w\" sizes=\"auto, (max-width: 719px) 100vw, 719px\" \/><\/figure><\/div>\n\n\n\n<p>\u00a0Le 15 janvier 2005, les s\u0153urs rest\u00e9es \u00e0 Savigny sur Grosne nous ont rejointes. Nous sommes donc toutes regroup\u00e9es \u00e0 Autun.<\/p>\n","protected":false},"excerpt":{"rendered":"<p>La communaut\u00e9 a \u00e9t\u00e9 fond\u00e9e \u00e0 Az\u00e9 (Sa\u00f4ne et Loire) en 1974,&nbsp;par M\u00e8re Winfrida, moniale de Notre Dame de Wisques (P.-de-C.) et ancienne prieure du monast\u00e8re du Mont des Oliviers \u00e0 J\u00e9rusalem.La maison d\u2019Az\u00e9 \u00e9tant devenue trop petite, en raison de plusieurs entr\u00e9es, le noviciat fut install\u00e9 \u00e0 Brancion en 1976 puis \u00e0 Savigny sur [&hellip;]<\/p>\n","protected":false},"author":1,"featured_media":0,"parent":0,"menu_order":0,"comment_status":"closed","ping_status":"closed","template":"","meta":{"site-sidebar-layout":"default","site-content-layout":"","ast-site-content-layout":"default","site-content-style":"default","site-sidebar-style":"default","ast-global-header-display":"","ast-banner-title-visibility":"","ast-main-header-display":"","ast-hfb-above-header-display":"","ast-hfb-below-header-display":"","ast-hfb-mobile-header-display":"","site-post-title":"","ast-breadcrumbs-content":"","ast-featured-img":"","footer-sml-layout":"","ast-disable-related-posts":"","theme-transparent-header-meta":"default","adv-header-id-meta":"","stick-header-meta":"","header-above-stick-meta":"","header-main-stick-meta":"","header-below-stick-meta":"","astra-migrate-meta-layouts":"set","ast-page-background-enabled":"default","ast-page-background-meta":{"desktop":{"background-color":"var(--ast-global-color-4)","background-image":"","background-repeat":"repeat","background-position":"center center","background-size":"auto","background-attachment":"scroll","background-type":"","background-media":"","overlay-type":"","overlay-color":"","overlay-opacity":"","overlay-gradient":""},"tablet":{"background-color":"","background-image":"","background-repeat":"repeat","background-position":"center center","background-size":"auto","background-attachment":"scroll","background-type":"","background-media":"","overlay-type":"","overlay-color":"","overlay-opacity":"","overlay-gradient":""},"mobile":{"background-color":"","background-image":"","background-repeat":"repeat","background-position":"center center","background-size":"auto","background-attachment":"scroll","background-type":"","background-media":"","overlay-type":"","overlay-color":"","overlay-opacity":"","overlay-gradient":""}},"ast-content-background-meta":{"desktop":{"background-color":"var(--ast-global-color-5)","background-image":"","background-repeat":"repeat","background-position":"center center","background-size":"auto","background-attachment":"scroll","background-type":"","background-media":"","overlay-type":"","overlay-color":"","overlay-opacity":"","overlay-gradient":""},"tablet":{"background-color":"var(--ast-global-color-5)","background-image":"","background-repeat":"repeat","background-position":"center center","background-size":"auto","background-attachment":"scroll","background-type":"","background-media":"","overlay-type":"","overlay-color":"","overlay-opacity":"","overlay-gradient":""},"mobile":{"background-color":"var(--ast-global-color-5)","background-image":"","background-repeat":"repeat","background-position":"center center","background-size":"auto","background-attachment":"scroll","background-type":"","background-media":"","overlay-type":"","overlay-color":"","overlay-opacity":"","overlay-gradient":""}},"footnotes":""},"class_list":["post-283","page","type-page","status-publish","hentry"],"_links":{"self":[{"href":"https:\/\/benedictines-autun.fr\/index.php\/wp-json\/wp\/v2\/pages\/283","targetHints":{"allow":["GET"]}}],"collection":[{"href":"https:\/\/benedictines-autun.fr\/index.php\/wp-json\/wp\/v2\/pages"}],"about":[{"href":"https:\/\/benedictines-autun.fr\/index.php\/wp-json\/wp\/v2\/types\/page"}],"author":[{"embeddable":true,"href":"https:\/\/benedictines-autun.fr\/index.php\/wp-json\/wp\/v2\/users\/1"}],"replies":[{"embeddable":true,"href":"https:\/\/benedictines-autun.fr\/index.php\/wp-json\/wp\/v2\/comments?post=283"}],"version-history":[{"count":13,"href":"https:\/\/benedictines-autun.fr\/index.php\/wp-json\/wp\/v2\/pages\/283\/revisions"}],"predecessor-version":[{"id":944,"href":"https:\/\/benedictines-autun.fr\/index.php\/wp-json\/wp\/v2\/pages\/283\/revisions\/944"}],"wp:attachment":[{"href":"https:\/\/benedictines-autun.fr\/index.php\/wp-json\/wp\/v2\/media?parent=283"}],"curies":[{"name":"wp","href":"https:\/\/api.w.org\/{rel}","templated":true}]}}