{"id":1027,"date":"2023-12-04T12:27:33","date_gmt":"2023-12-04T11:27:33","guid":{"rendered":"https:\/\/benedictines-autun.fr\/?page_id=1027"},"modified":"2026-03-06T12:22:12","modified_gmt":"2026-03-06T11:22:12","slug":"horaire-de-noel","status":"publish","type":"page","link":"https:\/\/benedictines-autun.fr\/index.php\/horaire-de-noel\/","title":{"rendered":"Agenda"},"content":{"rendered":"\n<div class=\"wp-block-group alignfull is-layout-flow wp-block-group-is-layout-flow\">\n<h2 class=\"wp-block-heading has-text-align-center\">Nos \u00e9v\u00e8nements<\/h2>\n\n\n\n<div class=\"wp-block-media-text alignwide is-stacked-on-mobile tw-stack-md\" style=\"grid-template-columns:18% auto\"><figure class=\"wp-block-media-text__media\"><img loading=\"lazy\" decoding=\"async\" width=\"250\" height=\"250\" src=\"https:\/\/benedictines-autun.fr\/wp-content\/uploads\/2024\/08\/Pax-Christi.jpg\" alt=\"\" class=\"wp-image-1199 size-full\" srcset=\"https:\/\/benedictines-autun.fr\/wp-content\/uploads\/2024\/08\/Pax-Christi.jpg 250w, https:\/\/benedictines-autun.fr\/wp-content\/uploads\/2024\/08\/Pax-Christi-150x150.jpg 150w\" sizes=\"auto, (max-width: 250px) 100vw, 250px\" \/><\/figure><div class=\"wp-block-media-text__content\">\n<h3 class=\"wp-block-heading tw-mb-3\">Messes pour la paix<\/h3>\n\n\n\n<p><strong>le 11 de chaque mois<\/strong><\/p>\n\n\n\n<p>En m\u00e9moire de la date de la signature de l&rsquo;Armistice du 11 novembre 1918, Pax Christi invite l\u2019\u00c9glise de France &#8211;  et du monde, gr\u00e2ce \u00e0 ses partenaires &#8211; \u00e0 c\u00e9l\u00e9brer une messe mensuelle, chaque 11 du mois, <br>pour la paix et la r\u00e9conciliation.<\/p>\n\n\n\n<p><a href=\"https:\/\/www.paxchristi.fr\/accueil\/messe-pour-la-paix\/\">En savoir plus<\/a><\/p>\n<\/div><\/div>\n\n\n\n<div class=\"wp-block-media-text is-stacked-on-mobile\" style=\"grid-template-columns:17% auto\"><figure class=\"wp-block-media-text__media\"><img loading=\"lazy\" decoding=\"async\" width=\"200\" height=\"282\" src=\"https:\/\/benedictines-autun.fr\/wp-content\/uploads\/2026\/03\/tract-pelerinage_pt.jpg\" alt=\"\" class=\"wp-image-1363 size-full\"\/><\/figure><div class=\"wp-block-media-text__content\">\n<h3 class=\"wp-block-heading has-ast-global-color-0-color has-text-color has-link-color wp-elements-c727f59a8a432374fcac5759a8cccb34\">P\u00e8lerinage bourguignon de Pentec\u00f4te<\/h3>\n\n\n\n<p>Vous souhaitez vivre un p\u00e8lerinage in\u00e9dit sur les traces des saints bourguignons pour les \u00e9tudiants et jeunes professionnels des quatre dioc\u00e8ses de notre province les 23-24 et 25 mai 2026<br><br><a href=\"https:\/\/pelerinagebourguignon.fr\">En savoir plus<\/a><\/p>\n<\/div><\/div>\n<\/div>\n\n\n\n<p><\/p>\n\n\n\n<p><\/p>\n","protected":false},"excerpt":{"rendered":"<p>Nos \u00e9v\u00e8nements Messes pour la paix le 11 de chaque mois En m\u00e9moire de la date de la signature de l&rsquo;Armistice du 11 novembre 1918, Pax Christi invite l\u2019\u00c9glise de France &#8211; et du monde, gr\u00e2ce \u00e0 ses partenaires &#8211; \u00e0 c\u00e9l\u00e9brer une messe mensuelle, chaque 11 du mois, pour la paix et la r\u00e9conciliation. [&hellip;]<\/p>\n","protected":false},"author":1,"featured_media":0,"parent":0,"menu_order":0,"comment_status":"closed","ping_status":"closed","template":"","meta":{"site-sidebar-layout":"default","site-content-layout":"","ast-site-content-layout":"default","site-content-style":"default","site-sidebar-style":"default","ast-global-header-display":"","ast-banner-title-visibility":"","ast-main-header-display":"","ast-hfb-above-header-display":"","ast-hfb-below-header-display":"","ast-hfb-mobile-header-display":"","site-post-title":"disabled","ast-breadcrumbs-content":"","ast-featured-img":"","footer-sml-layout":"","ast-disable-related-posts":"","theme-transparent-header-meta":"","adv-header-id-meta":"","stick-header-meta":"","header-above-stick-meta":"","header-main-stick-meta":"","header-below-stick-meta":"","astra-migrate-meta-layouts":"set","ast-page-background-enabled":"default","ast-page-background-meta":{"desktop":{"background-color":"var(--ast-global-color-4)","background-image":"","background-repeat":"repeat","background-position":"center center","background-size":"auto","background-attachment":"scroll","background-type":"","background-media":"","overlay-type":"","overlay-color":"","overlay-opacity":"","overlay-gradient":""},"tablet":{"background-color":"","background-image":"","background-repeat":"repeat","background-position":"center center","background-size":"auto","background-attachment":"scroll","background-type":"","background-media":"","overlay-type":"","overlay-color":"","overlay-opacity":"","overlay-gradient":""},"mobile":{"background-color":"","background-image":"","background-repeat":"repeat","background-position":"center center","background-size":"auto","background-attachment":"scroll","background-type":"","background-media":"","overlay-type":"","overlay-color":"","overlay-opacity":"","overlay-gradient":""}},"ast-content-background-meta":{"desktop":{"background-color":"var(--ast-global-color-5)","background-image":"","background-repeat":"repeat","background-position":"center center","background-size":"auto","background-attachment":"scroll","background-type":"","background-media":"","overlay-type":"","overlay-color":"","overlay-opacity":"","overlay-gradient":""},"tablet":{"background-color":"var(--ast-global-color-5)","background-image":"","background-repeat":"repeat","background-position":"center center","background-size":"auto","background-attachment":"scroll","background-type":"","background-media":"","overlay-type":"","overlay-color":"","overlay-opacity":"","overlay-gradient":""},"mobile":{"background-color":"var(--ast-global-color-5)","background-image":"","background-repeat":"repeat","background-position":"center center","background-size":"auto","background-attachment":"scroll","background-type":"","background-media":"","overlay-type":"","overlay-color":"","overlay-opacity":"","overlay-gradient":""}},"footnotes":""},"class_list":["post-1027","page","type-page","status-publish","hentry"],"_links":{"self":[{"href":"https:\/\/benedictines-autun.fr\/index.php\/wp-json\/wp\/v2\/pages\/1027","targetHints":{"allow":["GET"]}}],"collection":[{"href":"https:\/\/benedictines-autun.fr\/index.php\/wp-json\/wp\/v2\/pages"}],"about":[{"href":"https:\/\/benedictines-autun.fr\/index.php\/wp-json\/wp\/v2\/types\/page"}],"author":[{"embeddable":true,"href":"https:\/\/benedictines-autun.fr\/index.php\/wp-json\/wp\/v2\/users\/1"}],"replies":[{"embeddable":true,"href":"https:\/\/benedictines-autun.fr\/index.php\/wp-json\/wp\/v2\/comments?post=1027"}],"version-history":[{"count":59,"href":"https:\/\/benedictines-autun.fr\/index.php\/wp-json\/wp\/v2\/pages\/1027\/revisions"}],"predecessor-version":[{"id":1364,"href":"https:\/\/benedictines-autun.fr\/index.php\/wp-json\/wp\/v2\/pages\/1027\/revisions\/1364"}],"wp:attachment":[{"href":"https:\/\/benedictines-autun.fr\/index.php\/wp-json\/wp\/v2\/media?parent=1027"}],"curies":[{"name":"wp","href":"https:\/\/api.w.org\/{rel}","templated":true}]}}